{"id":39,"date":"2016-01-22T18:45:00","date_gmt":"2016-01-22T18:45:00","guid":{"rendered":"http:\/\/www.pdzeljeznicargospic.hr\/wp\/?page_id=39"},"modified":"2016-01-22T18:45:00","modified_gmt":"2016-01-22T18:45:00","slug":"sekcija-drustvenih-izleta","status":"publish","type":"page","link":"https:\/\/www.pdzeljeznicargospic.hr\/wp\/sekcije\/sekcija-drustvenih-izleta\/","title":{"rendered":"Sekcija dru\u0161tvenih izleta"},"content":{"rendered":"<p style=\"text-align: justify;\">Sekcija dru\u0161tvenih izleta najaktivnija je sekcija u Dru\u0161tvu koja se brine za ostvarenje godi\u0161njeg plana izleta i odra\u0111ivanje radnih akcija na kojima su obvezni sudjelovati <strong>SVI \u010cLANOVI <\/strong>Dru\u0161tva. \u010clanovi sekcije \u010desto se organiziraju i u manje grupe te idu na izlete prema vlastitim \u017eeljama i interesima.<\/p>\n<p style=\"text-align: justify;\">Ove godine u sklopu plana izleta do kraja svibnja ostvareni su izleti: izlet na Crni vrh 14. sije\u010dnja; izlet u Malu Paklenicu (Seline &#8211; Mala Paklenica \u2013 Njive Lekine \u2013 Velika Mo\u010dila \u2013 Borisov dom \u2013 Velika Paklenica) 10. o\u017eujka; izlet na Ostrovicu 17. o\u017eujka; 24. o\u017eujka Proljetni uspon na O\u0161tru na kojem je sudjelovalo oko 40 ljudi s u\u010denicima osnovne i srednje \u0161kole. Na vrhu je odr\u017ean kratki osvrt na o\u010duvanje \u010disto\u0107e okoli\u0161a i uloge planinara u tome. Sakupljeno je i sme\u0107e na vrhu i po stazi. Planinare je vodio prof. Andrija Benkovi\u0107, voditelj obilaznice \u010cetiri godi\u0161nja doba na O\u0161tri; pohod na Dane hrvatskih planinara na Mljetu na kojemu je sudjelovalo 35 planinara od 27. travnja do 1. svibnja; 27. svibnja izlet u Kuterevo na Korenski vrh te izlet u Skrad i na Skradski vrh 6. svibnja.<\/p>\n<p style=\"text-align: justify;\">U sklopu planinarske \u0161kole organizirani su izleti na Bijele stijene i na Stazu malog princa te izleti na Konjeva\u010du i Sadikovac. Izvan plana izleta planinari \u201e\u017deljezni\u010dara\u201c organizirali su se i obi\u0161li Ozeblin, Kalnik, Visibabu, Prikinuto brdo i Budak, Sadikovac, Laktin vrh, Lisac te na ju\u017enom Velebitu -Vaganski vrh, Liburniju i Brundu.<\/p>\n<p style=\"text-align: justify;\">Odra\u0111eno je nekoliko radnih akcija \u2013 tri u Vili Velebita i jedna u Kuginoj ku\u0107i na kojima su planinari odradili veliki posao u smislu potrebnih popravaka i ure\u0111enja ku\u0107a i okoli\u0161a.<\/p>\n","protected":false},"excerpt":{"rendered":"<p>Sekcija dru\u0161tvenih izleta najaktivnija je sekcija u Dru\u0161tvu koja se brine za ostvarenje godi\u0161njeg plana izleta i odra\u0111ivanje radnih akcija na kojima su obvezni sudjelovati SVI \u010cLANOVI Dru\u0161tva. \u010clanovi sekcije \u010desto se organiziraju i u manje grupe te idu na izlete prema vlastitim \u017eeljama i interesima. Ove godine u sklopu plana izleta do kraja svibnja [&hellip;]<\/p>\n","protected":false},"author":1,"featured_media":0,"parent":37,"menu_order":0,"comment_status":"closed","ping_status":"closed","template":"","meta":{"footnotes":""},"class_list":["post-39","page","type-page","status-publish","hentry"],"yoast_head":"<!-- This site is optimized with the Yoast SEO plugin v27.5 - https:\/\/yoast.com\/product\/yoast-seo-wordpress\/ -->\n<title>Sekcija dru\u0161tvenih izleta - PD \u017deljezni\u010dar Gospi\u0107<\/title>\n<meta name=\"robots\" content=\"index, follow, max-snippet:-1, max-image-preview:large, max-video-preview:-1\" \/>\n<link rel=\"canonical\" href=\"https:\/\/www.pdzeljeznicargospic.hr\/wp\/sekcije\/sekcija-drustvenih-izleta\/\" \/>\n<meta property=\"og:locale\" content=\"en_US\" \/>\n<meta property=\"og:type\" content=\"article\" \/>\n<meta property=\"og:title\" content=\"Sekcija dru\u0161tvenih izleta - PD \u017deljezni\u010dar Gospi\u0107\" \/>\n<meta property=\"og:description\" content=\"Sekcija dru\u0161tvenih izleta najaktivnija je sekcija u Dru\u0161tvu koja se brine za ostvarenje godi\u0161njeg plana izleta i odra\u0111ivanje radnih akcija na kojima su obvezni sudjelovati SVI \u010cLANOVI Dru\u0161tva. \u010clanovi sekcije \u010desto se organiziraju i u manje grupe te idu na izlete prema vlastitim \u017eeljama i interesima. Ove godine u sklopu plana izleta do kraja svibnja [&hellip;]\" \/>\n<meta property=\"og:url\" content=\"https:\/\/www.pdzeljeznicargospic.hr\/wp\/sekcije\/sekcija-drustvenih-izleta\/\" \/>\n<meta property=\"og:site_name\" content=\"PD \u017deljezni\u010dar Gospi\u0107\" \/>\n<meta name=\"twitter:card\" content=\"summary_large_image\" \/>\n<meta name=\"twitter:label1\" content=\"Est. reading time\" \/>\n\t<meta name=\"twitter:data1\" content=\"1 minute\" \/>\n<script type=\"application\/ld+json\" class=\"yoast-schema-graph\">{\"@context\":\"https:\\\/\\\/schema.org\",\"@graph\":[{\"@type\":\"WebPage\",\"@id\":\"https:\\\/\\\/www.pdzeljeznicargospic.hr\\\/wp\\\/sekcije\\\/sekcija-drustvenih-izleta\\\/\",\"url\":\"https:\\\/\\\/www.pdzeljeznicargospic.hr\\\/wp\\\/sekcije\\\/sekcija-drustvenih-izleta\\\/\",\"name\":\"Sekcija dru\u0161tvenih izleta - PD \u017deljezni\u010dar Gospi\u0107\",\"isPartOf\":{\"@id\":\"https:\\\/\\\/www.pdzeljeznicargospic.hr\\\/wp\\\/#website\"},\"datePublished\":\"2016-01-22T18:45:00+00:00\",\"breadcrumb\":{\"@id\":\"https:\\\/\\\/www.pdzeljeznicargospic.hr\\\/wp\\\/sekcije\\\/sekcija-drustvenih-izleta\\\/#breadcrumb\"},\"inLanguage\":\"en-US\",\"potentialAction\":[{\"@type\":\"ReadAction\",\"target\":[\"https:\\\/\\\/www.pdzeljeznicargospic.hr\\\/wp\\\/sekcije\\\/sekcija-drustvenih-izleta\\\/\"]}]},{\"@type\":\"BreadcrumbList\",\"@id\":\"https:\\\/\\\/www.pdzeljeznicargospic.hr\\\/wp\\\/sekcije\\\/sekcija-drustvenih-izleta\\\/#breadcrumb\",\"itemListElement\":[{\"@type\":\"ListItem\",\"position\":1,\"name\":\"Home\",\"item\":\"https:\\\/\\\/www.pdzeljeznicargospic.hr\\\/wp\\\/\"},{\"@type\":\"ListItem\",\"position\":2,\"name\":\"Sekcije\",\"item\":\"https:\\\/\\\/www.pdzeljeznicargospic.hr\\\/wp\\\/sekcije\\\/\"},{\"@type\":\"ListItem\",\"position\":3,\"name\":\"Sekcija dru\u0161tvenih izleta\"}]},{\"@type\":\"WebSite\",\"@id\":\"https:\\\/\\\/www.pdzeljeznicargospic.hr\\\/wp\\\/#website\",\"url\":\"https:\\\/\\\/www.pdzeljeznicargospic.hr\\\/wp\\\/\",\"name\":\"PD \u017delje\u017eni\u010dar Gospi\u0107\",\"description\":\"Planinarsko dru\u0161tvo\",\"publisher\":{\"@id\":\"https:\\\/\\\/www.pdzeljeznicargospic.hr\\\/wp\\\/#organization\"},\"potentialAction\":[{\"@type\":\"SearchAction\",\"target\":{\"@type\":\"EntryPoint\",\"urlTemplate\":\"https:\\\/\\\/www.pdzeljeznicargospic.hr\\\/wp\\\/?s={search_term_string}\"},\"query-input\":{\"@type\":\"PropertyValueSpecification\",\"valueRequired\":true,\"valueName\":\"search_term_string\"}}],\"inLanguage\":\"en-US\"},{\"@type\":\"Organization\",\"@id\":\"https:\\\/\\\/www.pdzeljeznicargospic.hr\\\/wp\\\/#organization\",\"name\":\"PD \u017delje\u017eni\u010dar Gospi\u0107\",\"url\":\"https:\\\/\\\/www.pdzeljeznicargospic.hr\\\/wp\\\/\",\"logo\":{\"@type\":\"ImageObject\",\"inLanguage\":\"en-US\",\"@id\":\"https:\\\/\\\/www.pdzeljeznicargospic.hr\\\/wp\\\/#\\\/schema\\\/logo\\\/image\\\/\",\"url\":\"https:\\\/\\\/www.pdzeljeznicargospic.hr\\\/wp\\\/wp-content\\\/uploads\\\/2023\\\/11\\\/logo_zeljeznicar_24.webp\",\"contentUrl\":\"https:\\\/\\\/www.pdzeljeznicargospic.hr\\\/wp\\\/wp-content\\\/uploads\\\/2023\\\/11\\\/logo_zeljeznicar_24.webp\",\"width\":285,\"height\":285,\"caption\":\"PD \u017delje\u017eni\u010dar Gospi\u0107\"},\"image\":{\"@id\":\"https:\\\/\\\/www.pdzeljeznicargospic.hr\\\/wp\\\/#\\\/schema\\\/logo\\\/image\\\/\"}}]}<\/script>\n<!-- \/ Yoast SEO plugin. -->","yoast_head_json":{"title":"Sekcija dru\u0161tvenih izleta - PD \u017deljezni\u010dar Gospi\u0107","robots":{"index":"index","follow":"follow","max-snippet":"max-snippet:-1","max-image-preview":"max-image-preview:large","max-video-preview":"max-video-preview:-1"},"canonical":"https:\/\/www.pdzeljeznicargospic.hr\/wp\/sekcije\/sekcija-drustvenih-izleta\/","og_locale":"en_US","og_type":"article","og_title":"Sekcija dru\u0161tvenih izleta - PD \u017deljezni\u010dar Gospi\u0107","og_description":"Sekcija dru\u0161tvenih izleta najaktivnija je sekcija u Dru\u0161tvu koja se brine za ostvarenje godi\u0161njeg plana izleta i odra\u0111ivanje radnih akcija na kojima su obvezni sudjelovati SVI \u010cLANOVI Dru\u0161tva. \u010clanovi sekcije \u010desto se organiziraju i u manje grupe te idu na izlete prema vlastitim \u017eeljama i interesima. Ove godine u sklopu plana izleta do kraja svibnja [&hellip;]","og_url":"https:\/\/www.pdzeljeznicargospic.hr\/wp\/sekcije\/sekcija-drustvenih-izleta\/","og_site_name":"PD \u017deljezni\u010dar Gospi\u0107","twitter_card":"summary_large_image","twitter_misc":{"Est. reading time":"1 minute"},"schema":{"@context":"https:\/\/schema.org","@graph":[{"@type":"WebPage","@id":"https:\/\/www.pdzeljeznicargospic.hr\/wp\/sekcije\/sekcija-drustvenih-izleta\/","url":"https:\/\/www.pdzeljeznicargospic.hr\/wp\/sekcije\/sekcija-drustvenih-izleta\/","name":"Sekcija dru\u0161tvenih izleta - PD \u017deljezni\u010dar Gospi\u0107","isPartOf":{"@id":"https:\/\/www.pdzeljeznicargospic.hr\/wp\/#website"},"datePublished":"2016-01-22T18:45:00+00:00","breadcrumb":{"@id":"https:\/\/www.pdzeljeznicargospic.hr\/wp\/sekcije\/sekcija-drustvenih-izleta\/#breadcrumb"},"inLanguage":"en-US","potentialAction":[{"@type":"ReadAction","target":["https:\/\/www.pdzeljeznicargospic.hr\/wp\/sekcije\/sekcija-drustvenih-izleta\/"]}]},{"@type":"BreadcrumbList","@id":"https:\/\/www.pdzeljeznicargospic.hr\/wp\/sekcije\/sekcija-drustvenih-izleta\/#breadcrumb","itemListElement":[{"@type":"ListItem","position":1,"name":"Home","item":"https:\/\/www.pdzeljeznicargospic.hr\/wp\/"},{"@type":"ListItem","position":2,"name":"Sekcije","item":"https:\/\/www.pdzeljeznicargospic.hr\/wp\/sekcije\/"},{"@type":"ListItem","position":3,"name":"Sekcija dru\u0161tvenih izleta"}]},{"@type":"WebSite","@id":"https:\/\/www.pdzeljeznicargospic.hr\/wp\/#website","url":"https:\/\/www.pdzeljeznicargospic.hr\/wp\/","name":"PD \u017delje\u017eni\u010dar Gospi\u0107","description":"Planinarsko dru\u0161tvo","publisher":{"@id":"https:\/\/www.pdzeljeznicargospic.hr\/wp\/#organization"},"potentialAction":[{"@type":"SearchAction","target":{"@type":"EntryPoint","urlTemplate":"https:\/\/www.pdzeljeznicargospic.hr\/wp\/?s={search_term_string}"},"query-input":{"@type":"PropertyValueSpecification","valueRequired":true,"valueName":"search_term_string"}}],"inLanguage":"en-US"},{"@type":"Organization","@id":"https:\/\/www.pdzeljeznicargospic.hr\/wp\/#organization","name":"PD \u017delje\u017eni\u010dar Gospi\u0107","url":"https:\/\/www.pdzeljeznicargospic.hr\/wp\/","logo":{"@type":"ImageObject","inLanguage":"en-US","@id":"https:\/\/www.pdzeljeznicargospic.hr\/wp\/#\/schema\/logo\/image\/","url":"https:\/\/www.pdzeljeznicargospic.hr\/wp\/wp-content\/uploads\/2023\/11\/logo_zeljeznicar_24.webp","contentUrl":"https:\/\/www.pdzeljeznicargospic.hr\/wp\/wp-content\/uploads\/2023\/11\/logo_zeljeznicar_24.webp","width":285,"height":285,"caption":"PD \u017delje\u017eni\u010dar Gospi\u0107"},"image":{"@id":"https:\/\/www.pdzeljeznicargospic.hr\/wp\/#\/schema\/logo\/image\/"}}]}},"_links":{"self":[{"href":"https:\/\/www.pdzeljeznicargospic.hr\/wp\/wp-json\/wp\/v2\/pages\/39","targetHints":{"allow":["GET"]}}],"collection":[{"href":"https:\/\/www.pdzeljeznicargospic.hr\/wp\/wp-json\/wp\/v2\/pages"}],"about":[{"href":"https:\/\/www.pdzeljeznicargospic.hr\/wp\/wp-json\/wp\/v2\/types\/page"}],"author":[{"embeddable":true,"href":"https:\/\/www.pdzeljeznicargospic.hr\/wp\/wp-json\/wp\/v2\/users\/1"}],"replies":[{"embeddable":true,"href":"https:\/\/www.pdzeljeznicargospic.hr\/wp\/wp-json\/wp\/v2\/comments?post=39"}],"version-history":[{"count":1,"href":"https:\/\/www.pdzeljeznicargospic.hr\/wp\/wp-json\/wp\/v2\/pages\/39\/revisions"}],"predecessor-version":[{"id":40,"href":"https:\/\/www.pdzeljeznicargospic.hr\/wp\/wp-json\/wp\/v2\/pages\/39\/revisions\/40"}],"up":[{"embeddable":true,"href":"https:\/\/www.pdzeljeznicargospic.hr\/wp\/wp-json\/wp\/v2\/pages\/37"}],"wp:attachment":[{"href":"https:\/\/www.pdzeljeznicargospic.hr\/wp\/wp-json\/wp\/v2\/media?parent=39"}],"curies":[{"name":"wp","href":"https:\/\/api.w.org\/{rel}","templated":true}]}}